{"id":1767,"date":"2021-04-17T16:28:20","date_gmt":"2021-04-17T15:28:20","guid":{"rendered":"https:\/\/www.planica-zipline.si\/impresum\/"},"modified":"2021-04-17T16:28:20","modified_gmt":"2021-04-17T15:28:20","slug":"impresum","status":"publish","type":"page","link":"https:\/\/www.planica-zipline.si\/de\/impresum\/","title":{"rendered":"Impresum"},"content":{"rendered":"\n<p>O STRANI. <\/p>\n\n\n\n<p><strong>Lastnik in\u00a0<em>avtor<\/em>\u00a0besedil:<\/strong> KS SKUPINA d.o.o., Pot na Bistri\u0161ko planino 10, 4290 Tr\u017ei\u010d<\/p>\n\n\n\n<p><strong>Oblikovanje in spletna izvedba<\/strong>: <a href=\"https:\/\/www.spletster.net\/\" target=\"_blank\" rel=\"noreferrer noopener\">spletster<\/a>. <\/p>\n\n\n\n<p><\/p>\n\n\n\n<p><strong>Vse pravice pridr\u017eane!<\/strong><\/p>\n","protected":false},"excerpt":{"rendered":"<p>O STRANI. Lastnik in\u00a0avtor\u00a0besedil: KS SKUPINA d.o.o., Pot na Bistri\u0161ko planino &#8230; <\/p>\n","protected":false},"author":1,"featured_media":0,"parent":0,"menu_order":0,"comment_status":"closed","ping_status":"closed","template":"","meta":{"footnotes":""},"class_list":["post-1767","page","type-page","status-publish","hentry"],"yoast_head":"<!-- This site is optimized with the Yoast SEO plugin v27.1.1 - https:\/\/yoast.com\/product\/yoast-seo-wordpress\/ -->\n<title>Impresum - Planica zipline<\/title>\n<meta name=\"robots\" content=\"index, follow, max-snippet:-1, max-image-preview:large, max-video-preview:-1\" \/>\n<link rel=\"canonical\" href=\"https:\/\/www.planica-zipline.si\/de\/impresum\/\" \/>\n<meta property=\"og:locale\" content=\"de_DE\" \/>\n<meta property=\"og:type\" content=\"article\" \/>\n<meta property=\"og:title\" content=\"Impresum - Planica zipline\" \/>\n<meta property=\"og:description\" content=\"O STRANI. Lastnik in\u00a0avtor\u00a0besedil: KS SKUPINA d.o.o., Pot na Bistri\u0161ko planino ...\" \/>\n<meta property=\"og:url\" content=\"https:\/\/www.planica-zipline.si\/de\/impresum\/\" \/>\n<meta property=\"og:site_name\" content=\"Planica zipline\" \/>\n<meta name=\"twitter:card\" content=\"summary_large_image\" \/>\n<script type=\"application\/ld+json\" class=\"yoast-schema-graph\">{\"@context\":\"https:\/\/schema.org\",\"@graph\":[{\"@type\":\"WebPage\",\"@id\":\"https:\/\/www.planica-zipline.si\/de\/impresum\/\",\"url\":\"https:\/\/www.planica-zipline.si\/de\/impresum\/\",\"name\":\"Impresum - Planica zipline\",\"isPartOf\":{\"@id\":\"https:\/\/www.planica-zipline.si\/de\/#website\"},\"datePublished\":\"2021-04-17T15:28:20+00:00\",\"breadcrumb\":{\"@id\":\"https:\/\/www.planica-zipline.si\/de\/impresum\/#breadcrumb\"},\"inLanguage\":\"de\",\"potentialAction\":[{\"@type\":\"ReadAction\",\"target\":[\"https:\/\/www.planica-zipline.si\/de\/impresum\/\"]}]},{\"@type\":\"BreadcrumbList\",\"@id\":\"https:\/\/www.planica-zipline.si\/de\/impresum\/#breadcrumb\",\"itemListElement\":[{\"@type\":\"ListItem\",\"position\":1,\"name\":\"Home\",\"item\":\"https:\/\/www.planica-zipline.si\/de\/\"},{\"@type\":\"ListItem\",\"position\":2,\"name\":\"Impresum\"}]},{\"@type\":\"WebSite\",\"@id\":\"https:\/\/www.planica-zipline.si\/de\/#website\",\"url\":\"https:\/\/www.planica-zipline.si\/de\/\",\"name\":\"Planica zipline\",\"description\":\"Ste pripravljeni na najrazburljivej\u0161i spust v \u017eivljenju?\",\"potentialAction\":[{\"@type\":\"SearchAction\",\"target\":{\"@type\":\"EntryPoint\",\"urlTemplate\":\"https:\/\/www.planica-zipline.si\/de\/?s={search_term_string}\"},\"query-input\":{\"@type\":\"PropertyValueSpecification\",\"valueRequired\":true,\"valueName\":\"search_term_string\"}}],\"inLanguage\":\"de\"}]}<\/script>\n<!-- \/ Yoast SEO plugin. -->","yoast_head_json":{"title":"Impresum - Planica zipline","robots":{"index":"index","follow":"follow","max-snippet":"max-snippet:-1","max-image-preview":"max-image-preview:large","max-video-preview":"max-video-preview:-1"},"canonical":"https:\/\/www.planica-zipline.si\/de\/impresum\/","og_locale":"de_DE","og_type":"article","og_title":"Impresum - Planica zipline","og_description":"O STRANI. Lastnik in\u00a0avtor\u00a0besedil: KS SKUPINA d.o.o., Pot na Bistri\u0161ko planino ...","og_url":"https:\/\/www.planica-zipline.si\/de\/impresum\/","og_site_name":"Planica zipline","twitter_card":"summary_large_image","schema":{"@context":"https:\/\/schema.org","@graph":[{"@type":"WebPage","@id":"https:\/\/www.planica-zipline.si\/de\/impresum\/","url":"https:\/\/www.planica-zipline.si\/de\/impresum\/","name":"Impresum - Planica zipline","isPartOf":{"@id":"https:\/\/www.planica-zipline.si\/de\/#website"},"datePublished":"2021-04-17T15:28:20+00:00","breadcrumb":{"@id":"https:\/\/www.planica-zipline.si\/de\/impresum\/#breadcrumb"},"inLanguage":"de","potentialAction":[{"@type":"ReadAction","target":["https:\/\/www.planica-zipline.si\/de\/impresum\/"]}]},{"@type":"BreadcrumbList","@id":"https:\/\/www.planica-zipline.si\/de\/impresum\/#breadcrumb","itemListElement":[{"@type":"ListItem","position":1,"name":"Home","item":"https:\/\/www.planica-zipline.si\/de\/"},{"@type":"ListItem","position":2,"name":"Impresum"}]},{"@type":"WebSite","@id":"https:\/\/www.planica-zipline.si\/de\/#website","url":"https:\/\/www.planica-zipline.si\/de\/","name":"Planica zipline","description":"Ste pripravljeni na najrazburljivej\u0161i spust v \u017eivljenju?","potentialAction":[{"@type":"SearchAction","target":{"@type":"EntryPoint","urlTemplate":"https:\/\/www.planica-zipline.si\/de\/?s={search_term_string}"},"query-input":{"@type":"PropertyValueSpecification","valueRequired":true,"valueName":"search_term_string"}}],"inLanguage":"de"}]}},"_links":{"self":[{"href":"https:\/\/www.planica-zipline.si\/de\/wp-json\/wp\/v2\/pages\/1767","targetHints":{"allow":["GET"]}}],"collection":[{"href":"https:\/\/www.planica-zipline.si\/de\/wp-json\/wp\/v2\/pages"}],"about":[{"href":"https:\/\/www.planica-zipline.si\/de\/wp-json\/wp\/v2\/types\/page"}],"author":[{"embeddable":true,"href":"https:\/\/www.planica-zipline.si\/de\/wp-json\/wp\/v2\/users\/1"}],"replies":[{"embeddable":true,"href":"https:\/\/www.planica-zipline.si\/de\/wp-json\/wp\/v2\/comments?post=1767"}],"version-history":[{"count":0,"href":"https:\/\/www.planica-zipline.si\/de\/wp-json\/wp\/v2\/pages\/1767\/revisions"}],"wp:attachment":[{"href":"https:\/\/www.planica-zipline.si\/de\/wp-json\/wp\/v2\/media?parent=1767"}],"curies":[{"name":"wp","href":"https:\/\/api.w.org\/{rel}","templated":true}]}}